{"id":404,"date":"2015-09-05T18:03:25","date_gmt":"2015-09-05T18:03:25","guid":{"rendered":"http:\/\/demo.athemes.com\/sydney\/?page_id=404"},"modified":"2018-09-25T04:45:56","modified_gmt":"2018-09-25T04:45:56","slug":"demo-5","status":"publish","type":"page","link":"https:\/\/postcrete.com\/?page_id=404","title":{"rendered":"Postcrete"},"content":{"rendered":"<div id=\"pl-404\"  class=\"panel-layout\" ><div id=\"pg-404-0\"  class=\"panel-grid panel-has-style\" ><div style=\"padding: 100px 0; \" data-overlay=\"true\" data-overlay-color=\"#000000\" class=\"panel-row-style panel-row-style-for-404-0\" ><div id=\"pgc-404-0-0\"  class=\"panel-grid-cell\" ><div id=\"panel-404-0-0-0\" class=\"so-panel widget widget_siteorigin-panels-builder panel-first-child panel-last-child\" data-index=\"0\" ><div style=\"text-align: left;\" data-title-color=\"#443f3f\" data-headings-color=\"#443f3f\" class=\"panel-widget-style panel-widget-style-for-404-0-0-0\" ><div id=\"pl-w5ba9bd8443a25\"  class=\"panel-layout\" ><div id=\"pg-w5ba9bd8443a25-0\"  class=\"panel-grid panel-has-style\" ><div style=\"padding: 100px 0; \" data-overlay=\"true\" data-overlay-color=\"#000000\" class=\"panel-row-style panel-row-style-for-w5ba9bd8443a25-0\" ><div id=\"pgc-w5ba9bd8443a25-0-0\"  class=\"panel-grid-cell\" ><div id=\"panel-w5ba9bd8443a25-0-0-0\" class=\"so-panel widget widget_text panel-first-child panel-last-child\" data-index=\"0\" ><div style=\"text-align: left;\" data-title-color=\"#443f3f\" data-headings-color=\"#443f3f\" class=\"panel-widget-style panel-widget-style-for-w5ba9bd8443a25-0-0-0\" ><h3 class=\"widget-title\">LOSAS POSTENSADAS EN EDIFICIOS Y VIVIENDAS<\/h3>\t\t\t<div class=\"textwidget\"><p><img loading=\"lazy\" decoding=\"async\" class=\"alignnone wp-image-826\" src=\"\/desarrollo\/wp-content\/uploads\/2018\/09\/11-300x225.jpg\" alt=\"\" width=\"405\" height=\"304\" srcset=\"https:\/\/postcrete.com\/wp-content\/uploads\/2018\/09\/11-300x225.jpg 300w, https:\/\/postcrete.com\/wp-content\/uploads\/2018\/09\/11-230x173.jpg 230w, https:\/\/postcrete.com\/wp-content\/uploads\/2018\/09\/11-350x263.jpg 350w, https:\/\/postcrete.com\/wp-content\/uploads\/2018\/09\/11-480x360.jpg 480w, https:\/\/postcrete.com\/wp-content\/uploads\/2018\/09\/11-24x18.jpg 24w, https:\/\/postcrete.com\/wp-content\/uploads\/2018\/09\/11-36x27.jpg 36w, https:\/\/postcrete.com\/wp-content\/uploads\/2018\/09\/11-48x36.jpg 48w, https:\/\/postcrete.com\/wp-content\/uploads\/2018\/09\/11.jpg 640w\" sizes=\"(max-width: 405px) 100vw, 405px\" \/> \u00a0 \u00a0\u00a0 \u00a0 \u00a0 \u00a0 \u00a0 <img loading=\"lazy\" decoding=\"async\" class=\"alignnone wp-image-827\" src=\"\/desarrollo\/wp-content\/uploads\/2018\/09\/22-169x300.jpg\" alt=\"\" width=\"172\" height=\"305\" srcset=\"https:\/\/postcrete.com\/wp-content\/uploads\/2018\/09\/22-169x300.jpg 169w, https:\/\/postcrete.com\/wp-content\/uploads\/2018\/09\/22-230x409.jpg 230w, https:\/\/postcrete.com\/wp-content\/uploads\/2018\/09\/22-350x622.jpg 350w, https:\/\/postcrete.com\/wp-content\/uploads\/2018\/09\/22-480x853.jpg 480w, https:\/\/postcrete.com\/wp-content\/uploads\/2018\/09\/22-14x24.jpg 14w, https:\/\/postcrete.com\/wp-content\/uploads\/2018\/09\/22-20x36.jpg 20w, https:\/\/postcrete.com\/wp-content\/uploads\/2018\/09\/22-27x48.jpg 27w, https:\/\/postcrete.com\/wp-content\/uploads\/2018\/09\/22.jpg 540w\" sizes=\"(max-width: 172px) 100vw, 172px\" \/><\/p>\n<p><img loading=\"lazy\" decoding=\"async\" class=\"alignnone wp-image-828\" src=\"\/desarrollo\/wp-content\/uploads\/2018\/09\/33-300x165.png\" alt=\"\" width=\"407\" height=\"224\" srcset=\"https:\/\/postcrete.com\/wp-content\/uploads\/2018\/09\/33-300x165.png 300w, https:\/\/postcrete.com\/wp-content\/uploads\/2018\/09\/33-768x423.png 768w, https:\/\/postcrete.com\/wp-content\/uploads\/2018\/09\/33-1024x565.png 1024w, https:\/\/postcrete.com\/wp-content\/uploads\/2018\/09\/33-830x458.png 830w, https:\/\/postcrete.com\/wp-content\/uploads\/2018\/09\/33-230x127.png 230w, https:\/\/postcrete.com\/wp-content\/uploads\/2018\/09\/33-350x193.png 350w, https:\/\/postcrete.com\/wp-content\/uploads\/2018\/09\/33-480x265.png 480w, https:\/\/postcrete.com\/wp-content\/uploads\/2018\/09\/33-24x13.png 24w, https:\/\/postcrete.com\/wp-content\/uploads\/2018\/09\/33-36x20.png 36w, https:\/\/postcrete.com\/wp-content\/uploads\/2018\/09\/33-48x26.png 48w, https:\/\/postcrete.com\/wp-content\/uploads\/2018\/09\/33.png 2048w\" sizes=\"(max-width: 407px) 100vw, 407px\" \/>\u00a0\u00a0 \u00a0 \u00a0 \u00a0 \u00a0 \u00a0 <img loading=\"lazy\" decoding=\"async\" class=\"alignnone wp-image-829\" src=\"\/desarrollo\/wp-content\/uploads\/2018\/09\/44-300x169.jpg\" alt=\"\" width=\"399\" height=\"225\" srcset=\"https:\/\/postcrete.com\/wp-content\/uploads\/2018\/09\/44-300x169.jpg 300w, https:\/\/postcrete.com\/wp-content\/uploads\/2018\/09\/44-768x432.jpg 768w, https:\/\/postcrete.com\/wp-content\/uploads\/2018\/09\/44-1024x576.jpg 1024w, https:\/\/postcrete.com\/wp-content\/uploads\/2018\/09\/44-830x467.jpg 830w, https:\/\/postcrete.com\/wp-content\/uploads\/2018\/09\/44-230x129.jpg 230w, https:\/\/postcrete.com\/wp-content\/uploads\/2018\/09\/44-350x197.jpg 350w, https:\/\/postcrete.com\/wp-content\/uploads\/2018\/09\/44-480x270.jpg 480w, https:\/\/postcrete.com\/wp-content\/uploads\/2018\/09\/44-24x14.jpg 24w, https:\/\/postcrete.com\/wp-content\/uploads\/2018\/09\/44-36x20.jpg 36w, https:\/\/postcrete.com\/wp-content\/uploads\/2018\/09\/44-48x27.jpg 48w, https:\/\/postcrete.com\/wp-content\/uploads\/2018\/09\/44.jpg 2048w\" sizes=\"(max-width: 399px) 100vw, 399px\" \/><\/p>\n<p>VENTAJAS<\/p>\n<ul>\n<li>LUCES MAYORES<\/li>\n<li>CONSTRUCCI\u00d3N M\u00c1S R\u00c1PIDA<\/li>\n<li>LOSAS M\u00c1S DELGADAS<\/li>\n<li>FLEXIBILIDAD EN EL DISE\u00d1O<\/li>\n<li>MAYOR DURABILIDAD<\/li>\n<li>REDUCCI\u00d3N O ELIMINACI\u00d3N DE JUNTAS<\/li>\n<li>MENOR CANTIDAD DE MATERIALES<\/li>\n<li>RESISTENCIA A LAS FISURAS<\/li>\n<li>CONTROL DE DEFORMACIONES<\/li>\n<li>R\u00c1PIDO DESENCOFRADO Y REUTILIZACI\u00d3N DEL MISMO<\/li>\n<li>MENOR COSTO DE OBRA GRUESA<\/li>\n<\/ul>\n<\/div>\n\t\t<\/div><\/div><\/div><\/div><\/div><\/div><\/div><\/div><\/div><\/div><\/div><\/div>","protected":false},"excerpt":{"rendered":"<p>LOSAS POSTENSADAS EN EDIFICIOS Y VIVIENDAS \u00a0 \u00a0\u00a0 \u00a0 \u00a0 \u00a0 \u00a0 \u00a0\u00a0 \u00a0 \u00a0 \u00a0 \u00a0 \u00a0 VENTAJAS LUCES MAYORES CONSTRUCCI\u00d3N [&hellip;]<\/p>\n","protected":false},"author":1,"featured_media":826,"parent":0,"menu_order":0,"comment_status":"closed","ping_status":"closed","template":"page-templates\/page_front-page.php","meta":{"footnotes":""},"_links":{"self":[{"href":"https:\/\/postcrete.com\/index.php?rest_route=\/wp\/v2\/pages\/404"}],"collection":[{"href":"https:\/\/postcrete.com\/index.php?rest_route=\/wp\/v2\/pages"}],"about":[{"href":"https:\/\/postcrete.com\/index.php?rest_route=\/wp\/v2\/types\/page"}],"author":[{"embeddable":true,"href":"https:\/\/postcrete.com\/index.php?rest_route=\/wp\/v2\/users\/1"}],"replies":[{"embeddable":true,"href":"https:\/\/postcrete.com\/index.php?rest_route=%2Fwp%2Fv2%2Fcomments&post=404"}],"version-history":[{"count":40,"href":"https:\/\/postcrete.com\/index.php?rest_route=\/wp\/v2\/pages\/404\/revisions"}],"predecessor-version":[{"id":895,"href":"https:\/\/postcrete.com\/index.php?rest_route=\/wp\/v2\/pages\/404\/revisions\/895"}],"wp:featuredmedia":[{"embeddable":true,"href":"https:\/\/postcrete.com\/index.php?rest_route=\/wp\/v2\/media\/826"}],"wp:attachment":[{"href":"https:\/\/postcrete.com\/index.php?rest_route=%2Fwp%2Fv2%2Fmedia&parent=404"}],"curies":[{"name":"wp","href":"https:\/\/api.w.org\/{rel}","templated":true}]}}